{"id":1876,"date":"2023-08-07T12:11:30","date_gmt":"2023-08-07T12:11:30","guid":{"rendered":"https:\/\/womengineerday.com\/?page_id=1876"},"modified":"2026-02-03T10:25:44","modified_gmt":"2026-02-03T10:25:44","slug":"om-oss","status":"publish","type":"page","link":"https:\/\/weraco.se\/en\/om-oss\/","title":{"rendered":"About us"},"content":{"rendered":"\t\t<div data-elementor-type=\"wp-page\" data-elementor-id=\"1876\" class=\"elementor elementor-1876\" data-elementor-post-type=\"page\">\n\t\t\t\t<div class=\"elementor-element elementor-element-6ae74d50 e-con-full e-flex e-con e-parent\" data-id=\"6ae74d50\" data-element_type=\"container\" data-e-type=\"container\" data-settings=\"{&quot;background_background&quot;:&quot;gradient&quot;,&quot;shape_divider_bottom_negative&quot;:&quot;yes&quot;,&quot;background_motion_fx_scale_effect&quot;:&quot;yes&quot;,&quot;background_motion_fx_scale_direction&quot;:&quot;in-out-in&quot;,&quot;background_motion_fx_scale_range&quot;:{&quot;unit&quot;:&quot;%&quot;,&quot;size&quot;:&quot;&quot;,&quot;sizes&quot;:{&quot;start&quot;:10,&quot;end&quot;:80}},&quot;background_motion_fx_devices&quot;:[&quot;tablet&quot;,&quot;mobile&quot;],&quot;background_motion_fx_opacity_effect&quot;:&quot;yes&quot;,&quot;background_motion_fx_opacity_direction&quot;:&quot;in-out&quot;,&quot;shape_divider_bottom&quot;:&quot;waves&quot;,&quot;background_motion_fx_opacity_level&quot;:{&quot;unit&quot;:&quot;px&quot;,&quot;size&quot;:10,&quot;sizes&quot;:[]},&quot;background_motion_fx_opacity_range&quot;:{&quot;unit&quot;:&quot;%&quot;,&quot;size&quot;:&quot;&quot;,&quot;sizes&quot;:{&quot;start&quot;:20,&quot;end&quot;:80}},&quot;background_motion_fx_scale_speed&quot;:{&quot;unit&quot;:&quot;px&quot;,&quot;size&quot;:4,&quot;sizes&quot;:[]}}\">\n\t\t\t\t<div class=\"elementor-shape elementor-shape-bottom\" aria-hidden=\"true\" data-negative=\"true\">\n\t\t\t<svg xmlns=\"http:\/\/www.w3.org\/2000\/svg\" viewBox=\"0 0 1000 100\" preserveAspectRatio=\"none\">\n\t<path class=\"elementor-shape-fill\" d=\"M790.5,93.1c-59.3-5.3-116.8-18-192.6-50c-29.6-12.7-76.9-31-100.5-35.9c-23.6-4.9-52.6-7.8-75.5-5.3\n\tc-10.2,1.1-22.6,1.4-50.1,7.4c-27.2,6.3-58.2,16.6-79.4,24.7c-41.3,15.9-94.9,21.9-134,22.6C72,58.2,0,25.8,0,25.8V100h1000V65.3\n\tc0,0-51.5,19.4-106.2,25.7C839.5,97,814.1,95.2,790.5,93.1z\"\/>\n<\/svg>\t\t<\/div>\n\t\t<div class=\"elementor-element elementor-element-5f125fbd e-con-full e-flex e-con e-child\" data-id=\"5f125fbd\" data-element_type=\"container\" data-e-type=\"container\" data-settings=\"{&quot;animation&quot;:&quot;none&quot;}\">\n\t\t<div class=\"elementor-element elementor-element-46e13f49 e-con-full e-flex e-con e-child\" data-id=\"46e13f49\" data-element_type=\"container\" data-e-type=\"container\">\n\t\t\t\t<div class=\"elementor-element elementor-element-e7dabab elementor-widget-mobile__width-inherit elementor-widget elementor-widget-text-editor\" data-id=\"e7dabab\" data-element_type=\"widget\" data-e-type=\"widget\" data-widget_type=\"text-editor.default\">\n\t\t\t\t<div class=\"elementor-widget-container\">\n\t\t\t\t\t\t\t\t\t<p>Om oss<\/p>\t\t\t\t\t\t\t\t<\/div>\n\t\t\t\t<\/div>\n\t\t\t\t<\/div>\n\t\t\t\t<\/div>\n\t\t\t\t<\/div>\n\t\t<div class=\"elementor-element elementor-element-9b78de0 e-flex e-con-boxed e-con e-parent\" data-id=\"9b78de0\" data-element_type=\"container\" data-e-type=\"container\" data-settings=\"{&quot;background_background&quot;:&quot;classic&quot;}\">\n\t\t\t\t\t<div class=\"e-con-inner\">\n\t\t\t\t<div class=\"elementor-element elementor-element-e8c7aeb elementor-widget elementor-widget-spacer\" data-id=\"e8c7aeb\" data-element_type=\"widget\" data-e-type=\"widget\" data-widget_type=\"spacer.default\">\n\t\t\t\t<div class=\"elementor-widget-container\">\n\t\t\t\t\t\t\t<div class=\"elementor-spacer\">\n\t\t\t<div class=\"elementor-spacer-inner\"><\/div>\n\t\t<\/div>\n\t\t\t\t\t\t<\/div>\n\t\t\t\t<\/div>\n\t\t\t\t<div class=\"elementor-element elementor-element-0fc5e47 elementor-widget elementor-widget-text-editor\" data-id=\"0fc5e47\" data-element_type=\"widget\" data-e-type=\"widget\" data-widget_type=\"text-editor.default\">\n\t\t\t\t<div class=\"elementor-widget-container\">\n\t\t\t\t\t\t\t\t\t<p>Ny Teknik + Womengineer = Wera<\/p>\t\t\t\t\t\t\t\t<\/div>\n\t\t\t\t<\/div>\n\t\t\t\t<div class=\"elementor-element elementor-element-10bc6cb elementor-widget elementor-widget-text-editor\" data-id=\"10bc6cb\" data-element_type=\"widget\" data-e-type=\"widget\" data-widget_type=\"text-editor.default\">\n\t\t\t\t<div class=\"elementor-widget-container\">\n\t\t\t\t\t\t\t\t\t<p>Wera \u00e4r ett initiativ som syftar till att \u00f6ka antalet kvinnor i tekniksektorn och f\u00f6rst\u00e4rka deras roll inom innovation och ledarskap. Genom att erbjuda m\u00f6tesplatser som kombinerar livsstil och karri\u00e4r med fokus p\u00e5 h\u00e5llbarhet, skapar vi en gemenskap som st\u00e4rker kvinnors position inom ingenj\u00f6rsyrket.<\/p><p>\u00a0<\/p><p>V\u00e5r vision \u00e4r att skapa ett modernt och dynamiskt n\u00e4tverk som blir en ov\u00e4rderlig resurs och st\u00f6d f\u00f6r v\u00e5ra medlemmar. Vi str\u00e4var efter att sprida energi, inspirera till beslut, inge mod och lust, och hj\u00e4lpa v\u00e5ra medlemmar att bli den b\u00e4sta versionen av sig sj\u00e4lva. Vi ska erbjuda nya kollegor, mentorer och v\u00e4nner, samt \u00f6ppna d\u00f6rrar f\u00f6r aff\u00e4rsutbyte och professionella kontakter.<\/p><p>\u00a0<\/p><p>Wera \u00e4r ett gemensamt initiativ av <a href=\"http:\/\/www.womengineer.org\">Stiftelsen Womengineer<\/a> och <a href=\"http:\/\/www.nyteknik.se\">Ny Teknik Group<\/a>. Genom att f\u00f6rena v\u00e5ra styrkor kan vi g\u00f6ra en best\u00e5ende skillnad f\u00f6r kvinnliga ingenj\u00f6rer. Womengineer har sedan 2015 drivit Sveriges st\u00f6rsta event f\u00f6r \u00f6kad m\u00e5ngfald inom teknik (IGEday). Ny Teknik \u00e4r Sveriges st\u00f6rsta medieplattform inom teknik och ingenj\u00f6rsvetenskap med n\u00e4stan 1 miljon digitala l\u00e4sare varje m\u00e5nad.<\/p><p>\u00a0<\/p><p>Genom detta samarbete \u00e4r vi \u00f6vertygade om att vi kan skapa en best\u00e5ende f\u00f6r\u00e4ndring och st\u00e4rka kvinnors inflytande inom teknik, h\u00e5llbarhet och ledarskap.<\/p>\t\t\t\t\t\t\t\t<\/div>\n\t\t\t\t<\/div>\n\t\t\t\t<div class=\"elementor-element elementor-element-c531016 elementor-widget-divider--separator-type-pattern elementor-widget-divider--no-spacing elementor-widget-divider--view-line elementor-widget elementor-widget-divider\" data-id=\"c531016\" data-element_type=\"widget\" data-e-type=\"widget\" data-widget_type=\"divider.default\">\n\t\t\t\t<div class=\"elementor-widget-container\">\n\t\t\t\t\t\t\t<div class=\"elementor-divider\" style=\"--divider-pattern-url: url(&quot;data:image\/svg+xml,%3Csvg xmlns=&#039;http:\/\/www.w3.org\/2000\/svg&#039; preserveAspectRatio=&#039;xMidYMid meet&#039; overflow=&#039;visible&#039; height=&#039;100%&#039; viewBox=&#039;0 0 120 26&#039; fill=&#039;black&#039; stroke=&#039;none&#039;%3E%3Cpath d=&#039;M11.9,15.9L11.9,15.9L0,16c-0.2-3.7,1.5-5.7,4.9-6C10,9.6,12.4,14.2,11.9,15.9zM26.9,15.9L26.9,15.9L15,16c0.5-3.7,2.5-5.7,5.9-6C26,9.6,27.4,14.2,26.9,15.9z M37.1,10c3.4,0.3,5.1,2.3,4.9,6H30.1C29.5,14.4,31.9,9.6,37.1,10z M57,15.9L57,15.9L45,16c0-3.4,1.6-5.4,4.9-5.9C54.8,9.3,57.4,14.2,57,15.9z M71.9,15.9L71.9,15.9L60,16c-0.2-3.7,1.5-5.7,4.9-6C70,9.6,72.4,14.2,71.9,15.9z M82.2,10c3.4,0.3,5,2.3,4.8,6H75.3C74,13,77.1,9.6,82.2,10zM101.9,15.9L101.9,15.9L90,16c-0.2-3.7,1.5-5.7,4.9-6C100,9.6,102.4,14.2,101.9,15.9z M112.1,10.1c2.7,0.5,4.3,2.5,4.9,5.9h-11.9l0,0C104.5,14.4,108,9.3,112.1,10.1z&#039;\/%3E%3C\/svg%3E&quot;);\">\n\t\t\t<span class=\"elementor-divider-separator\">\n\t\t\t\t\t\t<\/span>\n\t\t<\/div>\n\t\t\t\t\t\t<\/div>\n\t\t\t\t<\/div>\n\t\t\t\t<div class=\"elementor-element elementor-element-64b3488 elementor-widget elementor-widget-text-editor\" data-id=\"64b3488\" data-element_type=\"widget\" data-e-type=\"widget\" data-widget_type=\"text-editor.default\">\n\t\t\t\t<div class=\"elementor-widget-container\">\n\t\t\t\t\t\t\t\t\t<h6>Pressmeddelanden<\/h6>\t\t\t\t\t\t\t\t<\/div>\n\t\t\t\t<\/div>\n\t\t\t\t<div class=\"elementor-element elementor-element-b73a21a elementor-widget elementor-widget-text-editor\" data-id=\"b73a21a\" data-element_type=\"widget\" data-e-type=\"widget\" data-widget_type=\"text-editor.default\">\n\t\t\t\t<div class=\"elementor-widget-container\">\n\t\t\t\t\t\t\t\t\t<ul><li>2026.02.03 &#8211; <a href=\"https:\/\/weraco.se\/wera-vaxlar-upp-for-en-ingenjorsvarld-dar-alla-kan-ta-plats\/\">Wera v\u00e4xlar upp f\u00f6r en ingenj\u00f6rsv\u00e4rld d\u00e4r alla kan ta plats<\/a><\/li><li>2025.10.01 &#8211; <a href=\"https:\/\/weraco.se\/friday-och-wera-i-samarbete-for-att-starka-kvinnliga-ingenjorers-karriarutveckling\/\">Friday och Wera i samarbete f\u00f6r att st\u00e4rka kvinnliga ingenj\u00f6rers karri\u00e4rutveckling<\/a><\/li><li>2025.05.07 &#8211; <a href=\"https:\/\/weraco.se\/women-ahead-blir-rekryteringspartner-till-wera\/\">Women Ahead blir rekryteringspartner till Wera<\/a><\/li><li>2025.03.07 &#8211; <a href=\"https:\/\/weraco.se\/natverket-wera-fortsatter-vaxa-under-2025-med-tre-nya-huvudpartners\/\">N\u00e4tverket Wera forts\u00e4tter v\u00e4xa under 2025 med tre nya huvudpartners<\/a><\/li><li class=\"headline mainTitle tm35\">2025.02.18 &#8211; <a href=\"https:\/\/weraco.se\/det-har-ar-wera-natverket-som-ska-starka-kvinnliga-ingenjorer\/\">Det h\u00e4r \u00e4r Wera &#8211; N\u00e4tverket som ska st\u00e4rka kvinnliga ingenj\u00f6rer<\/a><\/li><\/ul>\t\t\t\t\t\t\t\t<\/div>\n\t\t\t\t<\/div>\n\t\t\t\t<div class=\"elementor-element elementor-element-bb879f8 elementor-widget-divider--separator-type-pattern elementor-widget-divider--no-spacing elementor-widget-divider--view-line elementor-widget elementor-widget-divider\" data-id=\"bb879f8\" data-element_type=\"widget\" data-e-type=\"widget\" data-widget_type=\"divider.default\">\n\t\t\t\t<div class=\"elementor-widget-container\">\n\t\t\t\t\t\t\t<div class=\"elementor-divider\" style=\"--divider-pattern-url: url(&quot;data:image\/svg+xml,%3Csvg xmlns=&#039;http:\/\/www.w3.org\/2000\/svg&#039; preserveAspectRatio=&#039;xMidYMid meet&#039; overflow=&#039;visible&#039; height=&#039;100%&#039; viewBox=&#039;0 0 120 26&#039; fill=&#039;black&#039; stroke=&#039;none&#039;%3E%3Cpath d=&#039;M11.9,15.9L11.9,15.9L0,16c-0.2-3.7,1.5-5.7,4.9-6C10,9.6,12.4,14.2,11.9,15.9zM26.9,15.9L26.9,15.9L15,16c0.5-3.7,2.5-5.7,5.9-6C26,9.6,27.4,14.2,26.9,15.9z M37.1,10c3.4,0.3,5.1,2.3,4.9,6H30.1C29.5,14.4,31.9,9.6,37.1,10z M57,15.9L57,15.9L45,16c0-3.4,1.6-5.4,4.9-5.9C54.8,9.3,57.4,14.2,57,15.9z M71.9,15.9L71.9,15.9L60,16c-0.2-3.7,1.5-5.7,4.9-6C70,9.6,72.4,14.2,71.9,15.9z M82.2,10c3.4,0.3,5,2.3,4.8,6H75.3C74,13,77.1,9.6,82.2,10zM101.9,15.9L101.9,15.9L90,16c-0.2-3.7,1.5-5.7,4.9-6C100,9.6,102.4,14.2,101.9,15.9z M112.1,10.1c2.7,0.5,4.3,2.5,4.9,5.9h-11.9l0,0C104.5,14.4,108,9.3,112.1,10.1z&#039;\/%3E%3C\/svg%3E&quot;);\">\n\t\t\t<span class=\"elementor-divider-separator\">\n\t\t\t\t\t\t<\/span>\n\t\t<\/div>\n\t\t\t\t\t\t<\/div>\n\t\t\t\t<\/div>\n\t\t\t\t<div class=\"elementor-element elementor-element-fc7ffa5 elementor-widget elementor-widget-text-editor\" data-id=\"fc7ffa5\" data-element_type=\"widget\" data-e-type=\"widget\" data-widget_type=\"text-editor.default\">\n\t\t\t\t<div class=\"elementor-widget-container\">\n\t\t\t\t\t\t\t\t\t<p>Team Wera.<\/p>\t\t\t\t\t\t\t\t<\/div>\n\t\t\t\t<\/div>\n\t\t\t\t\t<\/div>\n\t\t\t\t<\/div>\n\t\t<div class=\"elementor-element elementor-element-7baa4b2 e-flex e-con-boxed e-con e-parent\" data-id=\"7baa4b2\" data-element_type=\"container\" data-e-type=\"container\" data-settings=\"{&quot;background_background&quot;:&quot;gradient&quot;}\">\n\t\t\t\t\t<div class=\"e-con-inner\">\n\t\t<div class=\"elementor-element elementor-element-d464e2d e-con-full e-flex e-con e-child\" data-id=\"d464e2d\" data-element_type=\"container\" data-e-type=\"container\">\n\t\t\t\t<div class=\"elementor-element elementor-element-f85f3f1 elementor-widget elementor-widget-image\" data-id=\"f85f3f1\" data-element_type=\"widget\" data-e-type=\"widget\" data-widget_type=\"image.default\">\n\t\t\t\t<div class=\"elementor-widget-container\">\n\t\t\t\t\t\t\t\t\t\t\t\t\t\t\t<img fetchpriority=\"high\" decoding=\"async\" width=\"768\" height=\"768\" src=\"https:\/\/weraco.se\/wp-content\/uploads\/2025\/01\/Wera-768x768.png\" class=\"attachment-medium_large size-medium_large wp-image-3716\" alt=\"\" srcset=\"https:\/\/weraco.se\/wp-content\/uploads\/2025\/01\/Wera-768x768.png 768w, https:\/\/weraco.se\/wp-content\/uploads\/2025\/01\/Wera-300x300.png 300w, https:\/\/weraco.se\/wp-content\/uploads\/2025\/01\/Wera-1024x1024.png 1024w, https:\/\/weraco.se\/wp-content\/uploads\/2025\/01\/Wera-150x150.png 150w, https:\/\/weraco.se\/wp-content\/uploads\/2025\/01\/Wera.png 1080w\" sizes=\"(max-width: 768px) 100vw, 768px\" \/>\t\t\t\t\t\t\t\t\t\t\t\t\t\t\t<\/div>\n\t\t\t\t<\/div>\n\t\t\t\t<div class=\"elementor-element elementor-element-949d9db elementor-widget elementor-widget-text-editor\" data-id=\"949d9db\" data-element_type=\"widget\" data-e-type=\"widget\" data-widget_type=\"text-editor.default\">\n\t\t\t\t<div class=\"elementor-widget-container\">\n\t\t\t\t\t\t\t\t\t<p>Marie<\/p><p>Idestr\u00f6m<\/p>\t\t\t\t\t\t\t\t<\/div>\n\t\t\t\t<\/div>\n\t\t\t\t<div class=\"elementor-element elementor-element-1909b52 elementor-widget elementor-widget-text-editor\" data-id=\"1909b52\" data-element_type=\"widget\" data-e-type=\"widget\" data-widget_type=\"text-editor.default\">\n\t\t\t\t<div class=\"elementor-widget-container\">\n\t\t\t\t\t\t\t\t\t<p>marie@weraco.se<\/p>\t\t\t\t\t\t\t\t<\/div>\n\t\t\t\t<\/div>\n\t\t\t\t<\/div>\n\t\t<div class=\"elementor-element elementor-element-0420ef5 e-con-full e-flex e-con e-child\" data-id=\"0420ef5\" data-element_type=\"container\" data-e-type=\"container\">\n\t\t\t\t<div class=\"elementor-element elementor-element-17783dd elementor-widget elementor-widget-image\" data-id=\"17783dd\" data-element_type=\"widget\" data-e-type=\"widget\" data-widget_type=\"image.default\">\n\t\t\t\t<div class=\"elementor-widget-container\">\n\t\t\t\t\t\t\t\t\t\t\t\t\t\t\t<img decoding=\"async\" width=\"768\" height=\"768\" src=\"https:\/\/weraco.se\/wp-content\/uploads\/2025\/01\/Wera-2-768x768.png\" class=\"attachment-medium_large size-medium_large wp-image-3714\" alt=\"\" srcset=\"https:\/\/weraco.se\/wp-content\/uploads\/2025\/01\/Wera-2-768x768.png 768w, https:\/\/weraco.se\/wp-content\/uploads\/2025\/01\/Wera-2-300x300.png 300w, https:\/\/weraco.se\/wp-content\/uploads\/2025\/01\/Wera-2-1024x1024.png 1024w, https:\/\/weraco.se\/wp-content\/uploads\/2025\/01\/Wera-2-150x150.png 150w, https:\/\/weraco.se\/wp-content\/uploads\/2025\/01\/Wera-2.png 1080w\" sizes=\"(max-width: 768px) 100vw, 768px\" \/>\t\t\t\t\t\t\t\t\t\t\t\t\t\t\t<\/div>\n\t\t\t\t<\/div>\n\t\t\t\t<div class=\"elementor-element elementor-element-e005afa elementor-widget elementor-widget-text-editor\" data-id=\"e005afa\" data-element_type=\"widget\" data-e-type=\"widget\" data-widget_type=\"text-editor.default\">\n\t\t\t\t<div class=\"elementor-widget-container\">\n\t\t\t\t\t\t\t\t\t<p>Anna<\/p><p>Sj\u00f6g\u00e5rd<\/p>\t\t\t\t\t\t\t\t<\/div>\n\t\t\t\t<\/div>\n\t\t\t\t<div class=\"elementor-element elementor-element-9be2d82 elementor-widget elementor-widget-text-editor\" data-id=\"9be2d82\" data-element_type=\"widget\" data-e-type=\"widget\" data-widget_type=\"text-editor.default\">\n\t\t\t\t<div class=\"elementor-widget-container\">\n\t\t\t\t\t\t\t\t\t<p>anna@weraco.se<\/p>\t\t\t\t\t\t\t\t<\/div>\n\t\t\t\t<\/div>\n\t\t\t\t<\/div>\n\t\t<div class=\"elementor-element elementor-element-8cab9cb e-con-full e-flex e-con e-child\" data-id=\"8cab9cb\" data-element_type=\"container\" data-e-type=\"container\">\n\t\t\t\t<div class=\"elementor-element elementor-element-4099f38 elementor-widget elementor-widget-image\" data-id=\"4099f38\" data-element_type=\"widget\" data-e-type=\"widget\" data-widget_type=\"image.default\">\n\t\t\t\t<div class=\"elementor-widget-container\">\n\t\t\t\t\t\t\t\t\t\t\t\t\t\t\t<img decoding=\"async\" width=\"768\" height=\"768\" src=\"https:\/\/weraco.se\/wp-content\/uploads\/2025\/01\/Wera-3-768x768.webp\" class=\"attachment-medium_large size-medium_large wp-image-4139\" alt=\"\" srcset=\"https:\/\/weraco.se\/wp-content\/uploads\/2025\/01\/Wera-3-768x768.webp 768w, https:\/\/weraco.se\/wp-content\/uploads\/2025\/01\/Wera-3-300x300.webp 300w, https:\/\/weraco.se\/wp-content\/uploads\/2025\/01\/Wera-3-1024x1024.webp 1024w, https:\/\/weraco.se\/wp-content\/uploads\/2025\/01\/Wera-3-150x150.webp 150w, https:\/\/weraco.se\/wp-content\/uploads\/2025\/01\/Wera-3.webp 1080w\" sizes=\"(max-width: 768px) 100vw, 768px\" \/>\t\t\t\t\t\t\t\t\t\t\t\t\t\t\t<\/div>\n\t\t\t\t<\/div>\n\t\t\t\t<div class=\"elementor-element elementor-element-5c7966e elementor-widget elementor-widget-text-editor\" data-id=\"5c7966e\" data-element_type=\"widget\" data-e-type=\"widget\" data-widget_type=\"text-editor.default\">\n\t\t\t\t<div class=\"elementor-widget-container\">\n\t\t\t\t\t\t\t\t\t<p>Linus<\/p><p>Persson<\/p>\t\t\t\t\t\t\t\t<\/div>\n\t\t\t\t<\/div>\n\t\t\t\t<div class=\"elementor-element elementor-element-513f5fa elementor-widget elementor-widget-text-editor\" data-id=\"513f5fa\" data-element_type=\"widget\" data-e-type=\"widget\" data-widget_type=\"text-editor.default\">\n\t\t\t\t<div class=\"elementor-widget-container\">\n\t\t\t\t\t\t\t\t\t<p>linus.persson@nyteknikgroup.se<\/p>\t\t\t\t\t\t\t\t<\/div>\n\t\t\t\t<\/div>\n\t\t\t\t<\/div>\n\t\t\t\t\t<\/div>\n\t\t\t\t<\/div>\n\t\t\t\t<\/div>\n\t\t","protected":false},"excerpt":{"rendered":"<p>Om oss Ny Teknik + Womengineer = Wera Wera \u00e4r ett initiativ som syftar till att \u00f6ka antalet kvinnor i tekniksektorn och f\u00f6rst\u00e4rka deras roll inom innovation och ledarskap. Genom att erbjuda m\u00f6tesplatser som kombinerar livsstil och karri\u00e4r med fokus p\u00e5 h\u00e5llbarhet, skapar vi en gemenskap som st\u00e4rker kvinnors position inom ingenj\u00f6rsyrket. \u00a0 V\u00e5r vision [&hellip;]<\/p>\n","protected":false},"author":1,"featured_media":0,"parent":0,"menu_order":0,"comment_status":"closed","ping_status":"closed","template":"","meta":{"content-type":"","_exactmetrics_skip_tracking":false,"_exactmetrics_sitenote_active":false,"_exactmetrics_sitenote_note":"","_exactmetrics_sitenote_category":0,"site-sidebar-layout":"no-sidebar","site-content-layout":"page-builder","ast-site-content-layout":"default","site-content-style":"default","site-sidebar-style":"default","ast-global-header-display":"","ast-banner-title-visibility":"","ast-main-header-display":"","ast-hfb-above-header-display":"","ast-hfb-below-header-display":"","ast-hfb-mobile-header-display":"","site-post-title":"disabled","ast-breadcrumbs-content":"","ast-featured-img":"disabled","footer-sml-layout":"","ast-disable-related-posts":"","theme-transparent-header-meta":"","adv-header-id-meta":"","stick-header-meta":"","header-above-stick-meta":"","header-main-stick-meta":"","header-below-stick-meta":"","astra-migrate-meta-layouts":"default","ast-page-background-enabled":"default","ast-page-background-meta":{"desktop":{"background-color":"var(--ast-global-color-4)","background-image":"","background-repeat":"repeat","background-position":"center center","background-size":"auto","background-attachment":"scroll","background-type":"","background-media":"","overlay-type":"","overlay-color":"","overlay-opacity":"","overlay-gradient":""},"tablet":{"background-color":"","background-image":"","background-repeat":"repeat","background-position":"center center","background-size":"auto","background-attachment":"scroll","background-type":"","background-media":"","overlay-type":"","overlay-color":"","overlay-opacity":"","overlay-gradient":""},"mobile":{"background-color":"","background-image":"","background-repeat":"repeat","background-position":"center center","background-size":"auto","background-attachment":"scroll","background-type":"","background-media":"","overlay-type":"","overlay-color":"","overlay-opacity":"","overlay-gradient":""}},"ast-content-background-meta":{"desktop":{"background-color":"var(--ast-global-color-5)","background-image":"","background-repeat":"repeat","background-position":"center center","background-size":"auto","background-attachment":"scroll","background-type":"","background-media":"","overlay-type":"","overlay-color":"","overlay-opacity":"","overlay-gradient":""},"tablet":{"background-color":"var(--ast-global-color-5)","background-image":"","background-repeat":"repeat","background-position":"center center","background-size":"auto","background-attachment":"scroll","background-type":"","background-media":"","overlay-type":"","overlay-color":"","overlay-opacity":"","overlay-gradient":""},"mobile":{"background-color":"var(--ast-global-color-5)","background-image":"","background-repeat":"repeat","background-position":"center center","background-size":"auto","background-attachment":"scroll","background-type":"","background-media":"","overlay-type":"","overlay-color":"","overlay-opacity":"","overlay-gradient":""}},"footnotes":""},"class_list":["post-1876","page","type-page","status-publish","hentry"],"aioseo_notices":[],"_links":{"self":[{"href":"https:\/\/weraco.se\/en\/wp-json\/wp\/v2\/pages\/1876","targetHints":{"allow":["GET"]}}],"collection":[{"href":"https:\/\/weraco.se\/en\/wp-json\/wp\/v2\/pages"}],"about":[{"href":"https:\/\/weraco.se\/en\/wp-json\/wp\/v2\/types\/page"}],"author":[{"embeddable":true,"href":"https:\/\/weraco.se\/en\/wp-json\/wp\/v2\/users\/1"}],"replies":[{"embeddable":true,"href":"https:\/\/weraco.se\/en\/wp-json\/wp\/v2\/comments?post=1876"}],"version-history":[{"count":42,"href":"https:\/\/weraco.se\/en\/wp-json\/wp\/v2\/pages\/1876\/revisions"}],"predecessor-version":[{"id":5797,"href":"https:\/\/weraco.se\/en\/wp-json\/wp\/v2\/pages\/1876\/revisions\/5797"}],"wp:attachment":[{"href":"https:\/\/weraco.se\/en\/wp-json\/wp\/v2\/media?parent=1876"}],"curies":[{"name":"wp","href":"https:\/\/api.w.org\/{rel}","templated":true}]}}